{"id":2299,"date":"2024-06-25T01:53:39","date_gmt":"2024-06-25T01:53:39","guid":{"rendered":"https:\/\/gatosparavariar.com\/tienda\/?post_type=product&#038;p=2299"},"modified":"2026-04-15T06:40:37","modified_gmt":"2026-04-15T06:40:37","slug":"playera-leviathan-catffe-gitd","status":"publish","type":"product","link":"https:\/\/gatosparavariar.com\/tienda\/index.php\/producto\/playera-leviathan-catffe-gitd\/","title":{"rendered":"Playera Leviathan Catffe &#8211; GITD (PREVENTA)"},"content":{"rendered":"<p>Playera de algod\u00f3n negro con dise\u00f1o en vinil blanco y vinil que brilla en la oscuridad.<\/p>\n<p>Las playeras se entregar\u00e1n a partir del 27 de abril, o entrega en el evento de la TNT del 1,2 y 3 de mayo en CDMX.<\/p>\n<p>*Favor de verificar bien las tallas. No hay devoluciones en este tipo de art\u00edculo.<\/p>\n","protected":false},"excerpt":{"rendered":"<p>Playera de algod\u00f3n negro con dise\u00f1o en vinil blanco y vinil que brilla en la oscuridad. Las playeras se entregar\u00e1n a partir del 27 de abril, o entrega en el evento de la TNT del 1,2 y 3 de mayo en CDMX. *Favor de verificar bien las tallas. No hay devoluciones en este tipo de [&hellip;]<\/p>\n","protected":false},"featured_media":2304,"comment_status":"open","ping_status":"closed","template":"","meta":[],"product_brand":[],"product_cat":[74],"product_tag":[76],"class_list":{"0":"post-2299","1":"product","2":"type-product","3":"status-publish","4":"has-post-thumbnail","6":"product_cat-ropa","7":"product_tag-playera","9":"first","10":"instock","11":"shipping-taxable","12":"purchasable","13":"product-type-variable"},"_links":{"self":[{"href":"https:\/\/gatosparavariar.com\/tienda\/index.php\/wp-json\/wp\/v2\/product\/2299","targetHints":{"allow":["GET"]}}],"collection":[{"href":"https:\/\/gatosparavariar.com\/tienda\/index.php\/wp-json\/wp\/v2\/product"}],"about":[{"href":"https:\/\/gatosparavariar.com\/tienda\/index.php\/wp-json\/wp\/v2\/types\/product"}],"replies":[{"embeddable":true,"href":"https:\/\/gatosparavariar.com\/tienda\/index.php\/wp-json\/wp\/v2\/comments?post=2299"}],"wp:featuredmedia":[{"embeddable":true,"href":"https:\/\/gatosparavariar.com\/tienda\/index.php\/wp-json\/wp\/v2\/media\/2304"}],"wp:attachment":[{"href":"https:\/\/gatosparavariar.com\/tienda\/index.php\/wp-json\/wp\/v2\/media?parent=2299"}],"wp:term":[{"taxonomy":"product_brand","embeddable":true,"href":"https:\/\/gatosparavariar.com\/tienda\/index.php\/wp-json\/wp\/v2\/product_brand?post=2299"},{"taxonomy":"product_cat","embeddable":true,"href":"https:\/\/gatosparavariar.com\/tienda\/index.php\/wp-json\/wp\/v2\/product_cat?post=2299"},{"taxonomy":"product_tag","embeddable":true,"href":"https:\/\/gatosparavariar.com\/tienda\/index.php\/wp-json\/wp\/v2\/product_tag?post=2299"}],"curies":[{"name":"wp","href":"https:\/\/api.w.org\/{rel}","templated":true}]}}