{"id":2295,"date":"2024-06-25T01:22:42","date_gmt":"2024-06-25T01:22:42","guid":{"rendered":"https:\/\/gatosparavariar.com\/tienda\/?post_type=product&#038;p=2295"},"modified":"2026-04-15T07:56:01","modified_gmt":"2026-04-15T07:56:01","slug":"playera-el-beso-piyi-y-henrietta","status":"publish","type":"product","link":"https:\/\/gatosparavariar.com\/tienda\/index.php\/producto\/playera-el-beso-piyi-y-henrietta\/","title":{"rendered":"Playera &#8220;El Beso&#8221; &#8211; Piyi y Henrietta (PREVENTA)"},"content":{"rendered":"<p>Playera de algod\u00f3n negro en impresi\u00f3n DTF a color.<\/p>\n<p>Las playeras se entregar\u00e1n a partir del 27 de abril, o entrega en el evento de la TNT del 1,2 y 3 de mayo en CDMX.<\/p>\n<p>*Favor de verificar bien las tallas. No hay devoluciones en este tipo de art\u00edculo.<\/p>\n","protected":false},"excerpt":{"rendered":"<p>Playera de algod\u00f3n negro en impresi\u00f3n DTF a color. Las playeras se entregar\u00e1n a partir del 27 de abril, o entrega en el evento de la TNT del 1,2 y 3 de mayo en CDMX. *Favor de verificar bien las tallas. No hay devoluciones en este tipo de art\u00edculo.<\/p>\n","protected":false},"featured_media":2297,"comment_status":"open","ping_status":"closed","template":"","meta":[],"product_brand":[],"product_cat":[74],"product_tag":[32,31,76],"class_list":{"0":"post-2295","1":"product","2":"type-product","3":"status-publish","4":"has-post-thumbnail","6":"product_cat-ropa","7":"product_tag-henrietta","8":"product_tag-piyi","9":"product_tag-playera","11":"first","12":"instock","13":"shipping-taxable","14":"purchasable","15":"product-type-variable"},"_links":{"self":[{"href":"https:\/\/gatosparavariar.com\/tienda\/index.php\/wp-json\/wp\/v2\/product\/2295","targetHints":{"allow":["GET"]}}],"collection":[{"href":"https:\/\/gatosparavariar.com\/tienda\/index.php\/wp-json\/wp\/v2\/product"}],"about":[{"href":"https:\/\/gatosparavariar.com\/tienda\/index.php\/wp-json\/wp\/v2\/types\/product"}],"replies":[{"embeddable":true,"href":"https:\/\/gatosparavariar.com\/tienda\/index.php\/wp-json\/wp\/v2\/comments?post=2295"}],"wp:featuredmedia":[{"embeddable":true,"href":"https:\/\/gatosparavariar.com\/tienda\/index.php\/wp-json\/wp\/v2\/media\/2297"}],"wp:attachment":[{"href":"https:\/\/gatosparavariar.com\/tienda\/index.php\/wp-json\/wp\/v2\/media?parent=2295"}],"wp:term":[{"taxonomy":"product_brand","embeddable":true,"href":"https:\/\/gatosparavariar.com\/tienda\/index.php\/wp-json\/wp\/v2\/product_brand?post=2295"},{"taxonomy":"product_cat","embeddable":true,"href":"https:\/\/gatosparavariar.com\/tienda\/index.php\/wp-json\/wp\/v2\/product_cat?post=2295"},{"taxonomy":"product_tag","embeddable":true,"href":"https:\/\/gatosparavariar.com\/tienda\/index.php\/wp-json\/wp\/v2\/product_tag?post=2295"}],"curies":[{"name":"wp","href":"https:\/\/api.w.org\/{rel}","templated":true}]}}