{"id":2290,"date":"2024-06-25T01:10:20","date_gmt":"2024-06-25T01:10:20","guid":{"rendered":"https:\/\/gatosparavariar.com\/tienda\/?post_type=product&#038;p=2290"},"modified":"2026-04-15T06:45:30","modified_gmt":"2026-04-15T06:45:30","slug":"playera-guerra-galactica-gatos-para-variar","status":"publish","type":"product","link":"https:\/\/gatosparavariar.com\/tienda\/index.php\/producto\/playera-guerra-galactica-gatos-para-variar\/","title":{"rendered":"Playera &#8220;Guerra Gal\u00e1ctica&#8221; &#8211; Gatos para variar (PREVENTA)"},"content":{"rendered":"<p>Playera de algod\u00f3n negro en impresi\u00f3n DTF a color.<\/p>\n<p>Las playeras se entregar\u00e1n a partir del 27 de abril, o entrega en el evento de la TNT del 1,2 y 3 de mayo en CDMX.<\/p>\n<p>*Favor de verificar bien las tallas. No hay devoluciones en este tipo de art\u00edculo.<\/p>\n","protected":false},"excerpt":{"rendered":"<p>Playera de algod\u00f3n negro en impresi\u00f3n DTF a color. Las playeras se entregar\u00e1n a partir del 27 de abril, o entrega en el evento de la TNT del 1,2 y 3 de mayo en CDMX. *Favor de verificar bien las tallas. No hay devoluciones en este tipo de art\u00edculo.<\/p>\n","protected":false},"featured_media":2291,"comment_status":"open","ping_status":"closed","template":"","meta":[],"product_brand":[],"product_cat":[74],"product_tag":[76,88,75],"class_list":{"0":"post-2290","1":"product","2":"type-product","3":"status-publish","4":"has-post-thumbnail","6":"product_cat-ropa","7":"product_tag-playera","8":"product_tag-sragig","9":"product_tag-srkik","11":"first","12":"instock","13":"shipping-taxable","14":"purchasable","15":"product-type-variable"},"_links":{"self":[{"href":"https:\/\/gatosparavariar.com\/tienda\/index.php\/wp-json\/wp\/v2\/product\/2290","targetHints":{"allow":["GET"]}}],"collection":[{"href":"https:\/\/gatosparavariar.com\/tienda\/index.php\/wp-json\/wp\/v2\/product"}],"about":[{"href":"https:\/\/gatosparavariar.com\/tienda\/index.php\/wp-json\/wp\/v2\/types\/product"}],"replies":[{"embeddable":true,"href":"https:\/\/gatosparavariar.com\/tienda\/index.php\/wp-json\/wp\/v2\/comments?post=2290"}],"wp:featuredmedia":[{"embeddable":true,"href":"https:\/\/gatosparavariar.com\/tienda\/index.php\/wp-json\/wp\/v2\/media\/2291"}],"wp:attachment":[{"href":"https:\/\/gatosparavariar.com\/tienda\/index.php\/wp-json\/wp\/v2\/media?parent=2290"}],"wp:term":[{"taxonomy":"product_brand","embeddable":true,"href":"https:\/\/gatosparavariar.com\/tienda\/index.php\/wp-json\/wp\/v2\/product_brand?post=2290"},{"taxonomy":"product_cat","embeddable":true,"href":"https:\/\/gatosparavariar.com\/tienda\/index.php\/wp-json\/wp\/v2\/product_cat?post=2290"},{"taxonomy":"product_tag","embeddable":true,"href":"https:\/\/gatosparavariar.com\/tienda\/index.php\/wp-json\/wp\/v2\/product_tag?post=2290"}],"curies":[{"name":"wp","href":"https:\/\/api.w.org\/{rel}","templated":true}]}}