{"id":2243,"date":"2024-03-12T07:57:59","date_gmt":"2024-03-12T07:57:59","guid":{"rendered":"https:\/\/gatosparavariar.com\/tienda\/?post_type=product&#038;p=2243"},"modified":"2026-04-15T06:46:17","modified_gmt":"2026-04-15T06:46:17","slug":"cat-astrology-playera-de-signo-del-zodiaco","status":"publish","type":"product","link":"https:\/\/gatosparavariar.com\/tienda\/index.php\/producto\/cat-astrology-playera-de-signo-del-zodiaco\/","title":{"rendered":"&#8220;Cat Astrology&#8221; &#8211; Playera de signo del zodiaco (PREVENTA)"},"content":{"rendered":"<p>Playera de algod\u00f3n negro en impresi\u00f3n DTF a color, con tu signo del zodiaco!<\/p>\n<p>Las playeras se entregar\u00e1n a partir del 27 de abril, o entrega en el evento de la TNT del 1,2 y 3 de mayo en CDMX.<\/p>\n<p>*Favor de verificar bien las tallas. No hay devoluciones en este tipo de art\u00edculo.<\/p>\n","protected":false},"excerpt":{"rendered":"<p>Playera de algod\u00f3n negro en impresi\u00f3n DTF a color, con tu signo del zodiaco! Las playeras se entregar\u00e1n a partir del 27 de abril, o entrega en el evento de la TNT del 1,2 y 3 de mayo en CDMX. *Favor de verificar bien las tallas. No hay devoluciones en este tipo de art\u00edculo.<\/p>\n","protected":false},"featured_media":2245,"comment_status":"open","ping_status":"closed","template":"","meta":[],"product_brand":[],"product_cat":[74],"product_tag":[],"class_list":{"0":"post-2243","1":"product","2":"type-product","3":"status-publish","4":"has-post-thumbnail","6":"product_cat-ropa","8":"first","9":"instock","10":"shipping-taxable","11":"purchasable","12":"product-type-variable"},"_links":{"self":[{"href":"https:\/\/gatosparavariar.com\/tienda\/index.php\/wp-json\/wp\/v2\/product\/2243","targetHints":{"allow":["GET"]}}],"collection":[{"href":"https:\/\/gatosparavariar.com\/tienda\/index.php\/wp-json\/wp\/v2\/product"}],"about":[{"href":"https:\/\/gatosparavariar.com\/tienda\/index.php\/wp-json\/wp\/v2\/types\/product"}],"replies":[{"embeddable":true,"href":"https:\/\/gatosparavariar.com\/tienda\/index.php\/wp-json\/wp\/v2\/comments?post=2243"}],"wp:featuredmedia":[{"embeddable":true,"href":"https:\/\/gatosparavariar.com\/tienda\/index.php\/wp-json\/wp\/v2\/media\/2245"}],"wp:attachment":[{"href":"https:\/\/gatosparavariar.com\/tienda\/index.php\/wp-json\/wp\/v2\/media?parent=2243"}],"wp:term":[{"taxonomy":"product_brand","embeddable":true,"href":"https:\/\/gatosparavariar.com\/tienda\/index.php\/wp-json\/wp\/v2\/product_brand?post=2243"},{"taxonomy":"product_cat","embeddable":true,"href":"https:\/\/gatosparavariar.com\/tienda\/index.php\/wp-json\/wp\/v2\/product_cat?post=2243"},{"taxonomy":"product_tag","embeddable":true,"href":"https:\/\/gatosparavariar.com\/tienda\/index.php\/wp-json\/wp\/v2\/product_tag?post=2243"}],"curies":[{"name":"wp","href":"https:\/\/api.w.org\/{rel}","templated":true}]}}