{"id":2202,"date":"2024-02-29T08:13:05","date_gmt":"2024-02-29T08:13:05","guid":{"rendered":"https:\/\/gatosparavariar.com\/tienda\/?post_type=product&#038;p=2202"},"modified":"2026-04-15T07:53:31","modified_gmt":"2026-04-15T07:53:31","slug":"playera-amigo-o-enemigo-dtf","status":"publish","type":"product","link":"https:\/\/gatosparavariar.com\/tienda\/index.php\/producto\/playera-amigo-o-enemigo-dtf\/","title":{"rendered":"Playera &#8220;Amigo o Enemigo&#8221; DTF (PREVENTA)"},"content":{"rendered":"<p>Playera 100% algod\u00f3n, con impresi\u00f3n en DTF a color.<br \/>\nDisponible en estilo Hombre o Mujer, en color negro.<\/p>\n<p>Las playeras se entregar\u00e1n a partir del 27 de abril, o entrega en el evento de la TNT del 1,2 y 3 de mayo en CDMX.<\/p>\n<p>*Favor de revisar bien la talla. No hay devoluciones en este art\u00edculo.  <\/p>\n","protected":false},"excerpt":{"rendered":"<p>Playera 100% algod\u00f3n, con impresi\u00f3n en DTF a color. Disponible en estilo Hombre o Mujer, en color negro. Las playeras se entregar\u00e1n a partir del 27 de abril, o entrega en el evento de la TNT del 1,2 y 3 de mayo en CDMX. *Favor de revisar bien la talla. No hay devoluciones en este [&hellip;]<\/p>\n","protected":false},"featured_media":2204,"comment_status":"open","ping_status":"closed","template":"","meta":[],"product_brand":[],"product_cat":[74],"product_tag":[],"class_list":{"0":"post-2202","1":"product","2":"type-product","3":"status-publish","4":"has-post-thumbnail","6":"product_cat-ropa","8":"first","9":"instock","10":"shipping-taxable","11":"purchasable","12":"product-type-variable"},"_links":{"self":[{"href":"https:\/\/gatosparavariar.com\/tienda\/index.php\/wp-json\/wp\/v2\/product\/2202","targetHints":{"allow":["GET"]}}],"collection":[{"href":"https:\/\/gatosparavariar.com\/tienda\/index.php\/wp-json\/wp\/v2\/product"}],"about":[{"href":"https:\/\/gatosparavariar.com\/tienda\/index.php\/wp-json\/wp\/v2\/types\/product"}],"replies":[{"embeddable":true,"href":"https:\/\/gatosparavariar.com\/tienda\/index.php\/wp-json\/wp\/v2\/comments?post=2202"}],"wp:featuredmedia":[{"embeddable":true,"href":"https:\/\/gatosparavariar.com\/tienda\/index.php\/wp-json\/wp\/v2\/media\/2204"}],"wp:attachment":[{"href":"https:\/\/gatosparavariar.com\/tienda\/index.php\/wp-json\/wp\/v2\/media?parent=2202"}],"wp:term":[{"taxonomy":"product_brand","embeddable":true,"href":"https:\/\/gatosparavariar.com\/tienda\/index.php\/wp-json\/wp\/v2\/product_brand?post=2202"},{"taxonomy":"product_cat","embeddable":true,"href":"https:\/\/gatosparavariar.com\/tienda\/index.php\/wp-json\/wp\/v2\/product_cat?post=2202"},{"taxonomy":"product_tag","embeddable":true,"href":"https:\/\/gatosparavariar.com\/tienda\/index.php\/wp-json\/wp\/v2\/product_tag?post=2202"}],"curies":[{"name":"wp","href":"https:\/\/api.w.org\/{rel}","templated":true}]}}