{"id":1928,"date":"2022-12-05T23:03:00","date_gmt":"2022-12-05T23:03:00","guid":{"rendered":"https:\/\/gatosparavariar.com\/tienda\/?post_type=product&#038;p=1928"},"modified":"2023-06-13T06:04:42","modified_gmt":"2023-06-13T06:04:42","slug":"set-de-10-pines-de-gatos-random-25-mm","status":"publish","type":"product","link":"https:\/\/gatosparavariar.com\/tienda\/index.php\/producto\/set-de-10-pines-de-gatos-random-25-mm\/","title":{"rendered":"Set de 10 pines de gatos random (25 mm)"},"content":{"rendered":"<p>Set de 10 botones (pines) con diferentes dise\u00f1os de 25 mm de di\u00e1metro.<br \/>\nCon laminado especial hologr\u00e1fico.<\/p>\n<p>x1 bot\u00f3n 25mm gato gerente<br \/>\nx1 bot\u00f3n 25mm gato Piyi &#8220;Pawzole Time&#8221;<br \/>\nx1 bot\u00f3n 25mm gato Gatito &#8220;La vida apesta&#8221;<br \/>\nx1 bot\u00f3n 25mm gato Piyi &#8220;Inspector de pozole&#8221;<br \/>\nx1 bot\u00f3n 25mm gato Caballero Drag\u00f3n<br \/>\nx1 bot\u00f3n 25mm gato Henrietta &#8220;Ay no s\u00e9&#8221;<br \/>\nx1 bot\u00f3n 25mm gato Kik &#8220;No puede ser&#8221;<br \/>\nx1 bot\u00f3n 25mm gato papel picado<br \/>\nx1 bot\u00f3n 25mm gato sirena &#8220;Leviathan Catffe&#8221;<br \/>\nx1 bot\u00f3n 25mm gato Bobtail<\/p>\n<p>*el color puede variar al mostrado en las fotos<\/p>\n","protected":false},"excerpt":{"rendered":"<p>Set de 10 botones (pines) con diferentes dise\u00f1os de 25 mm de di\u00e1metro. Con laminado especial hologr\u00e1fico. x1 bot\u00f3n 25mm gato gerente x1 bot\u00f3n 25mm gato Piyi &#8220;Pawzole Time&#8221; x1 bot\u00f3n 25mm gato Gatito &#8220;La vida apesta&#8221; x1 bot\u00f3n 25mm gato Piyi &#8220;Inspector de pozole&#8221; x1 bot\u00f3n 25mm gato Caballero Drag\u00f3n x1 bot\u00f3n 25mm gato [&hellip;]<\/p>\n","protected":false},"featured_media":1929,"comment_status":"open","ping_status":"closed","template":"","meta":[],"product_brand":[],"product_cat":[16],"product_tag":[],"class_list":{"0":"post-1928","1":"product","2":"type-product","3":"status-publish","4":"has-post-thumbnail","6":"product_cat-accesorios","8":"first","9":"outofstock","10":"shipping-taxable","11":"purchasable","12":"product-type-simple"},"_links":{"self":[{"href":"https:\/\/gatosparavariar.com\/tienda\/index.php\/wp-json\/wp\/v2\/product\/1928","targetHints":{"allow":["GET"]}}],"collection":[{"href":"https:\/\/gatosparavariar.com\/tienda\/index.php\/wp-json\/wp\/v2\/product"}],"about":[{"href":"https:\/\/gatosparavariar.com\/tienda\/index.php\/wp-json\/wp\/v2\/types\/product"}],"replies":[{"embeddable":true,"href":"https:\/\/gatosparavariar.com\/tienda\/index.php\/wp-json\/wp\/v2\/comments?post=1928"}],"wp:featuredmedia":[{"embeddable":true,"href":"https:\/\/gatosparavariar.com\/tienda\/index.php\/wp-json\/wp\/v2\/media\/1929"}],"wp:attachment":[{"href":"https:\/\/gatosparavariar.com\/tienda\/index.php\/wp-json\/wp\/v2\/media?parent=1928"}],"wp:term":[{"taxonomy":"product_brand","embeddable":true,"href":"https:\/\/gatosparavariar.com\/tienda\/index.php\/wp-json\/wp\/v2\/product_brand?post=1928"},{"taxonomy":"product_cat","embeddable":true,"href":"https:\/\/gatosparavariar.com\/tienda\/index.php\/wp-json\/wp\/v2\/product_cat?post=1928"},{"taxonomy":"product_tag","embeddable":true,"href":"https:\/\/gatosparavariar.com\/tienda\/index.php\/wp-json\/wp\/v2\/product_tag?post=1928"}],"curies":[{"name":"wp","href":"https:\/\/api.w.org\/{rel}","templated":true}]}}